{"id":33,"date":"2024-01-02T10:27:19","date_gmt":"2024-01-02T10:27:19","guid":{"rendered":"https:\/\/agnia.de\/?page_id=33"},"modified":"2026-02-12T17:55:34","modified_gmt":"2026-02-12T16:55:34","slug":"about","status":"publish","type":"page","link":"https:\/\/agnia.de\/de\/about\/","title":{"rendered":"About"},"content":{"rendered":"<div data-elementor-type=\"wp-page\" data-elementor-id=\"33\" class=\"elementor elementor-33\">\n\t\t\t\t<div class=\"elementor-element elementor-element-21e8efa e-flex e-con-boxed e-con e-parent\" data-id=\"21e8efa\" data-element_type=\"container\">\n\t\t\t\t\t<div class=\"e-con-inner\">\n\t\t<div class=\"elementor-element elementor-element-4bc24e8 e-con-full e-flex e-con e-child\" data-id=\"4bc24e8\" data-element_type=\"container\">\n\t\t\t\t<div class=\"elementor-element elementor-element-8620983 elementor-widget elementor-widget-image\" data-id=\"8620983\" data-element_type=\"widget\" data-widget_type=\"image.default\">\n\t\t\t\t<div class=\"elementor-widget-container\">\n\t\t\t\t\t\t\t\t\t\t\t\t\t\t\t<img fetchpriority=\"high\" decoding=\"async\" width=\"640\" height=\"532\" src=\"https:\/\/agnia.de\/wp-content\/uploads\/2025\/12\/Agnia_Lauren_2025-1024x851.jpg\" class=\"attachment-large size-large wp-image-346\" alt=\"Agnia Lauren\" srcset=\"https:\/\/agnia.de\/wp-content\/uploads\/2025\/12\/Agnia_Lauren_2025-1024x851.jpg 1024w, https:\/\/agnia.de\/wp-content\/uploads\/2025\/12\/Agnia_Lauren_2025-300x249.jpg 300w, https:\/\/agnia.de\/wp-content\/uploads\/2025\/12\/Agnia_Lauren_2025-768x638.jpg 768w, https:\/\/agnia.de\/wp-content\/uploads\/2025\/12\/Agnia_Lauren_2025-14x12.jpg 14w, https:\/\/agnia.de\/wp-content\/uploads\/2025\/12\/Agnia_Lauren_2025.jpg 1220w\" sizes=\"(max-width: 640px) 100vw, 640px\" \/>\t\t\t\t\t\t\t\t\t\t\t\t\t\t\t<\/div>\n\t\t\t\t<\/div>\n\t\t\t\t<\/div>\n\t\t<div class=\"elementor-element elementor-element-6ff7cc0 e-con-full e-flex e-con e-child\" data-id=\"6ff7cc0\" data-element_type=\"container\">\n\t\t\t\t<div class=\"elementor-element elementor-element-41e9918 elementor-widget elementor-widget-text-editor\" data-id=\"41e9918\" data-element_type=\"widget\" data-widget_type=\"text-editor.default\">\n\t\t\t\t<div class=\"elementor-widget-container\">\n\t\t\t\t\t\t\t\t\t<p><b>Agnia Lauren<\/b><\/p><p>wurde am Baikalsee in Sibirien geboren. Bereits ihr Vater war ein bekannter K\u00fcnstler, der sie seit fr\u00fcher Kindheit an die Malerei heranf\u00fchrte. Nach dem Zusammenbruch der Sowjetunion zog sie mit ihrer Familie nach Estland, der Heimat ihres Vaters. Dort studierte Agnia Lauren zun\u00e4chst 6 Jahre an der staatlichen Kunstschule und absolvierte anschlie\u00dfend das Studium der Malerei und Muralmalerei (Monumentalmalerei) an der Estnischen Akademie der K\u00fcnste in Tallinn, das sie als Bachelor of Arts abschloss. Heute lebt und arbeitet die K\u00fcnstlerin in Hamburg.<\/p><p><strong>Ausgew\u00e4hlte Ausstellungen<\/strong><\/p><p>2005 Magnon Galerie, Tallinn<\/p><p>2006 Raatuse Galerie, Tallinn<\/p><p>2007 Rotermanni Museum, Tallinn<\/p><p>2008 Galerie Artbalance, Hamburg<\/p><p>2008 Galerie Kunst am Markt, Hamburg<\/p><p>2009 KiC NordArt, B\u00fcdelsdorf<\/p><p>2010 KiC NordArt, B\u00fcdelsdorf<\/p><p>2014 Galerie Vaal, Tallinn<\/p><p>2021 Galerie WAS, Hamburg<\/p><p>2022 Kunstforum der GEDOK, Hamburg<\/p><p>2023 Galerie KAM, Bergedorfer Schloss-Museum, Hamburg<\/p><p>2024 Kunstforum der GEDOK, Hamburg<\/p><p>2025 Kunstforum der GEDOK, Hamburg<\/p><p>2025 Galerie Beim Schlump, Hamburg<\/p><p>2026 Kunstforum der GEDOK, Hamburg<\/p><p>\u00a0<\/p><p><strong>SYMBOLISCHER NEO ART D\u00c9CO<\/strong><\/p><p>Die Werke von Agnia Lauren sind ein Dialog mit der Vergangenheit und Gegenwart, mit Mythen und Symbolen, mit den Fragen, die sich die Menschheit seit Jahrhunderten stellt. Auf den ersten Blick k\u00f6nnte man ihren Stil als NEO ART D\u00c9CO bezeichnen. Wir erkennen darin die Raffinesse der 1920er- und 1930er-Jahre, jene Dekorativit\u00e4t, die einst den Glauben an den Fortschritt und die Sch\u00f6nheit des Lebens verk\u00f6rperte. Bei genauerem Hinsehen erkennen wir jedoch, dass sich hinter diesen Ornamenten etwas Gr\u00f6\u00dferes verbirgt. Linien und Formen erhalten eine philosophische Bedeutung, sie werden zur Sprache der Ideen.<\/p><p>Agnia Lauren verbindet drei Welten: das raffinierte Dekor des Art D\u00e9co, den figurativen Stil der Renaissance und die abstrakte Freiheit der 1960er Jahre. Wo sich der eine Stil mit Ornamenten begn\u00fcgte und der andere mit reinen Formen, f\u00fchrt sie Narrativit\u00e4t und Symbolik ein. Das Ganze ergibt eine eklektische Verbindung aus Realistischem, Symbolischem und Abstraktem.<\/p><p>In ihren Gem\u00e4lden finden sich symmetrische gefl\u00fcgelte Figuren, Portale, engelhafte Wesen, D\u00e4monen, Chim\u00e4ren und Zeichen der Moderne: Emoji, QR-Code und Gegenst\u00e4nde der heutigen Zeit. Diese Motive verweisen auf mythologische Archetypen der Dualit\u00e4t und Transformation, auf die Philosophie des \u00dcbergangs und der Suche nach Wahrheit, auf die Spannung zwischen technologischem Fortschritt und spiritueller Dimension. So entsteht ein Stil, der als SYMBOLISCHER NEO ART D\u00c9CO zu bezeichnen ist \u2013 nicht nur dekorativ, sondern auch philosophisch reichhaltig.<\/p><p>Dieser Stil nimmt moderne verbale und nonverbale Muster auf: Mythen, Ideen des philosophischen Determinismus. Er wird zu einer Br\u00fccke zwischen der \u00c4sthetik der Vergangenheit und den Herausforderungen der Gegenwart.<\/p><p>Somit ist der SYMBOLISCHE NEO ART D\u00c9CO nicht nur eine Stilformel. Es ist ein Versuch, \u00c4sthetik und Philosophie zu synthetisieren, wobei das Visuelle zur Sprache der Ideen und die Dekorativit\u00e4t zu einer M\u00f6glichkeit wird, \u00fcber Mythen, das Schicksal des Menschen und die Spannung zwischen Materiellem und Geistigem zu reflektieren. Darin liegt die Einzigartigkeit des k\u00fcnstlerischen Konzepts von Agnia Lauren: Ihre Malerei macht das Denken sichtbar.<\/p><p>Genau deshalb sind die Werke von Agnia Lauren unserer Zeit so nah. Sie erinnern uns daran, dass Kunst nicht nur Form, sondern auch Inhalt ist, nicht nur \u00c4sthetik, sondern auch Philosophie. Sie ist in der Lage, Epochen, Kulturen und Weltanschauungen zu verbinden und Raum f\u00fcr Dialog zu schaffen.<\/p>\t\t\t\t\t\t\t\t<\/div>\n\t\t\t\t<\/div>\n\t\t\t\t<\/div>\n\t\t\t\t\t<\/div>\n\t\t\t\t<\/div>\n\t\t\t\t<\/div>","protected":false},"excerpt":{"rendered":"<p>Agnia Lauren wurde am Baikalsee in Sibirien geboren. Bereits ihr Vater war ein bekannter K\u00fcnstler, der sie seit fr\u00fcher Kindheit an die Malerei heranf\u00fchrte. Nach dem Zusammenbruch der Sowjetunion zog sie mit ihrer Familie nach Estland, der Heimat ihres Vaters. Dort studierte Agnia Lauren zun\u00e4chst 6 Jahre an der staatlichen Kunstschule und absolvierte anschlie\u00dfend das [&hellip;]<\/p>","protected":false},"author":2,"featured_media":0,"parent":0,"menu_order":0,"comment_status":"closed","ping_status":"closed","template":"","meta":{"footnotes":""},"class_list":["post-33","page","type-page","status-publish","hentry"],"_links":{"self":[{"href":"https:\/\/agnia.de\/de\/wp-json\/wp\/v2\/pages\/33","targetHints":{"allow":["GET"]}}],"collection":[{"href":"https:\/\/agnia.de\/de\/wp-json\/wp\/v2\/pages"}],"about":[{"href":"https:\/\/agnia.de\/de\/wp-json\/wp\/v2\/types\/page"}],"author":[{"embeddable":true,"href":"https:\/\/agnia.de\/de\/wp-json\/wp\/v2\/users\/2"}],"replies":[{"embeddable":true,"href":"https:\/\/agnia.de\/de\/wp-json\/wp\/v2\/comments?post=33"}],"version-history":[{"count":10,"href":"https:\/\/agnia.de\/de\/wp-json\/wp\/v2\/pages\/33\/revisions"}],"predecessor-version":[{"id":573,"href":"https:\/\/agnia.de\/de\/wp-json\/wp\/v2\/pages\/33\/revisions\/573"}],"wp:attachment":[{"href":"https:\/\/agnia.de\/de\/wp-json\/wp\/v2\/media?parent=33"}],"curies":[{"name":"wp","href":"https:\/\/api.w.org\/{rel}","templated":true}]}}